{"id":1151,"date":"2023-06-05T10:16:52","date_gmt":"2023-06-05T10:16:52","guid":{"rendered":"https:\/\/ak-agueda.pt\/karate\/?page_id=1151"},"modified":"2023-06-05T10:31:39","modified_gmt":"2023-06-05T10:31:39","slug":"escaloes-etarios","status":"publish","type":"page","link":"https:\/\/ak-agueda.pt\/karate\/escaloes-etarios\/","title":{"rendered":"Escal\u00f5es Et\u00e1rios"},"content":{"rendered":"<p>A AK-Agueda, enquanto afiliada da Shotokan Karate International \u2013 Portugal e da Shotokan Karate International Federation, segue as linhas indicativas de escal\u00f5es et\u00e1rios para a classifica\u00e7\u00e3o dos seus atletas propostas por estas duas entidades.<\/p>\n<p>Assim, para os eventos promovidos por qualquer destas entidades, existem 7 escal\u00f5es reconhecidos:<\/p>\n<p>[table id=1 \/]<\/p>\n<p>No caso de eventos competitivos onde o escal\u00e3o et\u00e1rio \u00e9 de suma import\u00e2ncia para promover a justi\u00e7a nas participa\u00e7\u00f5es, e por forma a uniformizar os crit\u00e9rios de aplica\u00e7\u00e3o, utiliza-se na classifica\u00e7\u00e3o o escal\u00e3o et\u00e1rio do atleta a 1 de Janeiro do ano de final de \u00e9poca. Por exemplo, para a \u00e9poca desportiva 2022-2023, o escal\u00e3o et\u00e1rio \u00e9 atribu\u00eddo com base na idade do atleta a 1 de Janeiro de 2023.<\/p>\n","protected":false},"excerpt":{"rendered":"<p>A AK-Agueda, enquanto afiliada da Shotokan Karate International \u2013 Portugal e da Shotokan Karate International Federation, segue as linhas indicativas de escal\u00f5es et\u00e1rios para a classifica\u00e7\u00e3o dos seus atletas propostas por estas duas entidades. Assim, para os eventos promovidos por qualquer destas entidades, existem 7 escal\u00f5es reconhecidos: [table id=1 \/] No caso de eventos competitivos [&hellip;]<\/p>\n","protected":false},"author":1,"featured_media":0,"parent":0,"menu_order":0,"comment_status":"closed","ping_status":"closed","template":"","meta":{"ngg_post_thumbnail":0,"footnotes":""},"class_list":["post-1151","page","type-page","status-publish","hentry"],"_links":{"self":[{"href":"https:\/\/ak-agueda.pt\/karate\/wp-json\/wp\/v2\/pages\/1151","targetHints":{"allow":["GET"]}}],"collection":[{"href":"https:\/\/ak-agueda.pt\/karate\/wp-json\/wp\/v2\/pages"}],"about":[{"href":"https:\/\/ak-agueda.pt\/karate\/wp-json\/wp\/v2\/types\/page"}],"author":[{"embeddable":true,"href":"https:\/\/ak-agueda.pt\/karate\/wp-json\/wp\/v2\/users\/1"}],"replies":[{"embeddable":true,"href":"https:\/\/ak-agueda.pt\/karate\/wp-json\/wp\/v2\/comments?post=1151"}],"version-history":[{"count":5,"href":"https:\/\/ak-agueda.pt\/karate\/wp-json\/wp\/v2\/pages\/1151\/revisions"}],"predecessor-version":[{"id":1161,"href":"https:\/\/ak-agueda.pt\/karate\/wp-json\/wp\/v2\/pages\/1151\/revisions\/1161"}],"wp:attachment":[{"href":"https:\/\/ak-agueda.pt\/karate\/wp-json\/wp\/v2\/media?parent=1151"}],"curies":[{"name":"wp","href":"https:\/\/api.w.org\/{rel}","templated":true}]}}