{"id":17,"date":"2019-03-11T14:49:59","date_gmt":"2019-03-11T14:49:59","guid":{"rendered":"https:\/\/ak-agueda.pt\/?page_id=17"},"modified":"2023-02-17T14:34:12","modified_gmt":"2023-02-17T14:34:12","slug":"historia","status":"publish","type":"page","link":"https:\/\/ak-agueda.pt\/karate\/historia\/","title":{"rendered":"Resumo Hist\u00f3rico"},"content":{"rendered":"<div class=\"_2cuy _3dgx _2vxa\">A <strong>AK-\u00c1gueda \u2013 Associa\u00e7\u00e3o Karate de \u00c1gueda<\/strong>, \u00e9 uma associa\u00e7\u00e3o desportiva sem fins lucrativos, com sede em Aguada de Cima que iniciou a sua atividade em 26 de maio de 2014, fundada por um grupo de pessoas que partilham o gosto pela pr\u00e1tica de atividades ligadas \u00e0s artes marciais.<\/div>\n<div>&nbsp;<\/div>\n<div class=\"_2cuy _3dgx _2vxa\">Esta Associa\u00e7\u00e3o nasceu da necessidade sentida, pelos seus associados, de formalizar uma situa\u00e7\u00e3o que desde h\u00e1 40 anos vinha sendo vivida na pr\u00e1tica do Karate, sob o nome de Academia Soshinkai de \u00c1gueda, criada em Outubro de 1971, mas nunca formalmente oficializada como organiza\u00e7\u00e3o independente e de direito pr\u00f3prio. Nessa altura, um grupo de mi\u00fados, por iniciativa de Eug\u00e9nio Marques, criou a escola que, ao longo destes 52 anos, vem mantendo a pr\u00e1tica ininterrupta do karate em \u00c1gueda. A Associa\u00e7\u00e3o \u00e9 afiliada da Shotokan Karate International Portugal (SKI-P) que por sua vez faz a ponte com a SKIF no Jap\u00e3o (Shotokan Karate-do International Federation), o seu presidente em exerc\u00edcio, Mestre Shigeru Sawada, atualmente 8\u00ba Dan, ap\u00f3s o falecimento em 2019 do seu fundador Hirokazu Kanazawa (10\u00ba Dan e a maior refer\u00eancia de Karate Shotokan do mundo) e o seu instrutor chefe Kancho Nobuaki Kanazawa, 8\u00ba Dan. A AK-\u00c1gueda tamb\u00e9m est\u00e1 filiada na Federa\u00e7\u00e3o Nacional de Karate-Portugal.<\/div>\n<div>&nbsp;<\/div>\n<div class=\"_2cuy _3dgx _2vxa\">A AK \u2013 \u00c1gueda desenvolve a sua atividade de ensino e promo\u00e7\u00e3o do Karate Shotokan para todos os escal\u00f5es et\u00e1rios, em \u00c1gueda, na Escola C+S Fernando Caldeira (segundas e quartas feiras, \u00e0s 19:00 h) e em Aguada de Cima, no pavilh\u00e3o da antiga escola prim\u00e1ria, junto ao Centro de Sa\u00fade por tr\u00e1s da Igreja (ter\u00e7as e quintas feiras, \u00e0s 19:30 h). O seu instrutor e respons\u00e1vel t\u00e9cnico, Jorge Rodrigues com a gradua\u00e7\u00e3o de 4\u00ba Dan, possui as habilita\u00e7\u00f5es t\u00e9cnicas para o ensino da pr\u00e1tica do Karate, certificadas pelo IPDJ, sendo coadjuvado por Ant\u00f3nio Marques (2\u00ba Dan).<\/div>\n<div>&nbsp;<\/div>\n<div><img loading=\"lazy\" decoding=\"async\" class=\"wp-image-92 aligncenter\" src=\"https:\/\/ak-agueda.pt\/karate\/wp-content\/uploads\/2019\/03\/karate-297878_960_720-300x61.png\" alt=\"\" width=\"561\" height=\"114\" srcset=\"https:\/\/ak-agueda.pt\/karate\/wp-content\/uploads\/2019\/03\/karate-297878_960_720-300x61.png 300w, https:\/\/ak-agueda.pt\/karate\/wp-content\/uploads\/2019\/03\/karate-297878_960_720-768x157.png 768w, https:\/\/ak-agueda.pt\/karate\/wp-content\/uploads\/2019\/03\/karate-297878_960_720.png 960w\" sizes=\"auto, (max-width: 561px) 100vw, 561px\" \/><\/div>\n<div class=\"_2cuy _3dgx _2vxa\">A Dire\u00e7\u00e3o<\/div>\n<div class=\"_2cuy _3dgx _2vxa\">Jorge Rodrigues<\/div>\n<div class=\"_2cuy _3dgx _2vxa\">Ant\u00f3nio Marques<\/div>\n<div>&nbsp;<\/div>\n","protected":false},"excerpt":{"rendered":"<p>A AK-\u00c1gueda \u2013 Associa\u00e7\u00e3o Karate de \u00c1gueda, \u00e9 uma associa\u00e7\u00e3o desportiva sem fins lucrativos, com sede em Aguada de Cima que iniciou a sua atividade em 26 de maio de 2014, fundada por um grupo de pessoas que partilham o gosto pela pr\u00e1tica de atividades ligadas \u00e0s artes marciais. &nbsp; Esta Associa\u00e7\u00e3o nasceu da necessidade [&hellip;]<\/p>\n","protected":false},"author":1,"featured_media":5,"parent":0,"menu_order":0,"comment_status":"closed","ping_status":"closed","template":"","meta":{"ngg_post_thumbnail":0,"footnotes":""},"class_list":["post-17","page","type-page","status-publish","has-post-thumbnail","hentry"],"_links":{"self":[{"href":"https:\/\/ak-agueda.pt\/karate\/wp-json\/wp\/v2\/pages\/17","targetHints":{"allow":["GET"]}}],"collection":[{"href":"https:\/\/ak-agueda.pt\/karate\/wp-json\/wp\/v2\/pages"}],"about":[{"href":"https:\/\/ak-agueda.pt\/karate\/wp-json\/wp\/v2\/types\/page"}],"author":[{"embeddable":true,"href":"https:\/\/ak-agueda.pt\/karate\/wp-json\/wp\/v2\/users\/1"}],"replies":[{"embeddable":true,"href":"https:\/\/ak-agueda.pt\/karate\/wp-json\/wp\/v2\/comments?post=17"}],"version-history":[{"count":15,"href":"https:\/\/ak-agueda.pt\/karate\/wp-json\/wp\/v2\/pages\/17\/revisions"}],"predecessor-version":[{"id":975,"href":"https:\/\/ak-agueda.pt\/karate\/wp-json\/wp\/v2\/pages\/17\/revisions\/975"}],"wp:featuredmedia":[{"embeddable":true,"href":"https:\/\/ak-agueda.pt\/karate\/wp-json\/wp\/v2\/media\/5"}],"wp:attachment":[{"href":"https:\/\/ak-agueda.pt\/karate\/wp-json\/wp\/v2\/media?parent=17"}],"curies":[{"name":"wp","href":"https:\/\/api.w.org\/{rel}","templated":true}]}}