{"id":2,"date":"2019-03-11T13:16:46","date_gmt":"2019-03-11T13:16:46","guid":{"rendered":"https:\/\/ak-agueda.pt\/?page_id=2"},"modified":"2023-06-05T10:24:41","modified_gmt":"2023-06-05T10:24:41","slug":"dojos","status":"publish","type":"page","link":"https:\/\/ak-agueda.pt\/karate\/dojos\/","title":{"rendered":"Dojos \/ Hor\u00e1rios"},"content":{"rendered":"<h2><strong>Aguada de Cima<\/strong><\/h2>\n<p><img loading=\"lazy\" decoding=\"async\" class=\"alignnone size-medium wp-image-223\" src=\"https:\/\/ak-agueda.pt\/karate\/wp-content\/uploads\/2019\/03\/agd-300x300.jpg\" alt=\"\" width=\"300\" height=\"300\" srcset=\"https:\/\/ak-agueda.pt\/karate\/wp-content\/uploads\/2019\/03\/agd-300x300.jpg 300w, https:\/\/ak-agueda.pt\/karate\/wp-content\/uploads\/2019\/03\/agd-150x150.jpg 150w, https:\/\/ak-agueda.pt\/karate\/wp-content\/uploads\/2019\/03\/agd-220x220.jpg 220w, https:\/\/ak-agueda.pt\/karate\/wp-content\/uploads\/2019\/03\/agd-50x50.jpg 50w, https:\/\/ak-agueda.pt\/karate\/wp-content\/uploads\/2019\/03\/agd.jpg 590w\" sizes=\"auto, (max-width: 300px) 100vw, 300px\" \/><\/p>\n<ul>\n<li>Ter\u00e7as-Feiras 19:30 &#8211; 20:30<\/li>\n<li>Quintas-Feiras\n<ul>\n<li><a href=\"https:\/\/ak-agueda.pt\/karate\/escaloes-etarios\/\" target=\"_blank\" rel=\"noopener\">Infantis\/Iniciados\/Juvenis<\/a> 19:00 &#8211; 20:00<\/li>\n<li><a href=\"https:\/\/ak-agueda.pt\/karate\/escaloes-etarios\/\" target=\"_blank\" rel=\"noopener\">Cadetes\/Juniores\/Seniores\/Veteranos<\/a> 20:00 &#8211; 21:00<\/li>\n<\/ul>\n<\/li>\n<\/ul>\n<p>Antiga Escola Prim\u00e1ria, por tr\u00e1s da Junta de Freguesia, em Aguada de Cima<\/p>\n<p>&nbsp;<\/p>\n<h2><strong>\u00c1gueda<\/strong><\/h2>\n<div class=\"mapouter\">\n<div class=\"gmap_canvas\"><img loading=\"lazy\" decoding=\"async\" class=\"alignnone size-medium wp-image-739\" src=\"https:\/\/ak-agueda.pt\/karate\/wp-content\/uploads\/2022\/07\/Captura-de-ecra-2022-07-27-213250-300x262.jpg\" alt=\"\" width=\"300\" height=\"262\" srcset=\"https:\/\/ak-agueda.pt\/karate\/wp-content\/uploads\/2022\/07\/Captura-de-ecra-2022-07-27-213250-300x262.jpg 300w, https:\/\/ak-agueda.pt\/karate\/wp-content\/uploads\/2022\/07\/Captura-de-ecra-2022-07-27-213250-768x670.jpg 768w, https:\/\/ak-agueda.pt\/karate\/wp-content\/uploads\/2022\/07\/Captura-de-ecra-2022-07-27-213250.jpg 842w\" sizes=\"auto, (max-width: 300px) 100vw, 300px\" \/><\/div>\n<\/div>\n<ul>\n<li>Segundas-Feiras 19:00 &#8211; 20:00<\/li>\n<li>Quartas-Feiras 19:00 &#8211; 20:00<\/li>\n<\/ul>\n<p>Escola C+S Fernando Caldeira<br \/>\nLargo Dr. Dion\u00edsio Vidal Coelho<\/p>\n","protected":false},"excerpt":{"rendered":"<p>Aguada de Cima Ter\u00e7as-Feiras 19:30 &#8211; 20:30 Quintas-Feiras Infantis\/Iniciados\/Juvenis 19:00 &#8211; 20:00 Cadetes\/Juniores\/Seniores\/Veteranos 20:00 &#8211; 21:00 Antiga Escola Prim\u00e1ria, por tr\u00e1s da Junta de Freguesia, em Aguada de Cima &nbsp; \u00c1gueda Segundas-Feiras 19:00 &#8211; 20:00 Quartas-Feiras 19:00 &#8211; 20:00 Escola C+S Fernando Caldeira Largo Dr. Dion\u00edsio Vidal Coelho<\/p>\n","protected":false},"author":1,"featured_media":0,"parent":0,"menu_order":0,"comment_status":"closed","ping_status":"closed","template":"","meta":{"ngg_post_thumbnail":0,"footnotes":""},"class_list":["post-2","page","type-page","status-publish","hentry"],"_links":{"self":[{"href":"https:\/\/ak-agueda.pt\/karate\/wp-json\/wp\/v2\/pages\/2","targetHints":{"allow":["GET"]}}],"collection":[{"href":"https:\/\/ak-agueda.pt\/karate\/wp-json\/wp\/v2\/pages"}],"about":[{"href":"https:\/\/ak-agueda.pt\/karate\/wp-json\/wp\/v2\/types\/page"}],"author":[{"embeddable":true,"href":"https:\/\/ak-agueda.pt\/karate\/wp-json\/wp\/v2\/users\/1"}],"replies":[{"embeddable":true,"href":"https:\/\/ak-agueda.pt\/karate\/wp-json\/wp\/v2\/comments?post=2"}],"version-history":[{"count":23,"href":"https:\/\/ak-agueda.pt\/karate\/wp-json\/wp\/v2\/pages\/2\/revisions"}],"predecessor-version":[{"id":1160,"href":"https:\/\/ak-agueda.pt\/karate\/wp-json\/wp\/v2\/pages\/2\/revisions\/1160"}],"wp:attachment":[{"href":"https:\/\/ak-agueda.pt\/karate\/wp-json\/wp\/v2\/media?parent=2"}],"curies":[{"name":"wp","href":"https:\/\/api.w.org\/{rel}","templated":true}]}}