{"id":327,"date":"2019-03-22T02:07:52","date_gmt":"2019-03-22T02:07:52","guid":{"rendered":"https:\/\/ak-agueda.pt\/karate\/?page_id=327"},"modified":"2023-05-16T00:19:51","modified_gmt":"2023-05-16T00:19:51","slug":"direcao","status":"publish","type":"page","link":"https:\/\/ak-agueda.pt\/karate\/direcao\/","title":{"rendered":"Dire\u00e7\u00e3o"},"content":{"rendered":"<p><strong>Mesa da Assembleia Geral:<\/strong><\/p>\n<p><strong>&#8211; Presidente:<\/strong> Jorge Pinto;<\/p>\n<p><strong>&#8211; Primeiro secret\u00e1rio:<\/strong> Bruno Lopes;<\/p>\n<p><strong>&#8211; Segundo Secret\u00e1rio:<\/strong> Eduardo Matos<\/p>\n<p>&nbsp;<\/p>\n<p><strong>Dire\u00e7\u00e3o:<\/strong><\/p>\n<p><strong>&#8211; Presidente: <\/strong>Jorge Rodrigues;<\/p>\n<p><strong>&#8211; Secret\u00e1rio:<\/strong> Ant\u00f3nio Marques;<\/p>\n<p><strong>&#8211; Tesoureiro:<\/strong> Gabriel Almeida;<\/p>\n<p><strong>&#8211; Primeiro Vogal:<\/strong> Carlos Silva;<\/p>\n<p><strong>&#8211; Segundo Vogal:<\/strong> Nuno Picado<\/p>\n<p>&nbsp;<\/p>\n<p><strong>Conselho Fiscal:<\/strong><\/p>\n<p><strong>&#8211; Presidente:<\/strong> Jo\u00e3o Pedro Ribeiro;<\/p>\n<p><strong>&#8211; Primeiro Secret\u00e1rio:<\/strong> Pedro Fernandes;<\/p>\n<p><strong>&#8211; Segundo Secret\u00e1rio:<\/strong> Ant\u00f3nio Gomes<\/p>\n<p>&nbsp;<\/p>\n<p>[catlist id=8 thumbnail=yes thumbnail_size=200,300 template=cardview customfield_orderby=OrdemDireccao numberposts=-1 order=asc thumbnail_class=cat_list_tn]<\/p>\n<p>&nbsp;<\/p>\n","protected":false},"excerpt":{"rendered":"<p>Mesa da Assembleia Geral: &#8211; Presidente: Jorge Pinto; &#8211; Primeiro secret\u00e1rio: Bruno Lopes; &#8211; Segundo Secret\u00e1rio: Eduardo Matos &nbsp; Dire\u00e7\u00e3o: &#8211; Presidente: Jorge Rodrigues; &#8211; Secret\u00e1rio: Ant\u00f3nio Marques; &#8211; Tesoureiro: Gabriel Almeida; &#8211; Primeiro Vogal: Carlos Silva; &#8211; Segundo Vogal: Nuno Picado &nbsp; Conselho Fiscal: &#8211; Presidente: Jo\u00e3o Pedro Ribeiro; &#8211; Primeiro Secret\u00e1rio: Pedro Fernandes; [&hellip;]<\/p>\n","protected":false},"author":1,"featured_media":0,"parent":0,"menu_order":0,"comment_status":"closed","ping_status":"closed","template":"","meta":{"ngg_post_thumbnail":0,"footnotes":""},"class_list":["post-327","page","type-page","status-publish","hentry"],"_links":{"self":[{"href":"https:\/\/ak-agueda.pt\/karate\/wp-json\/wp\/v2\/pages\/327","targetHints":{"allow":["GET"]}}],"collection":[{"href":"https:\/\/ak-agueda.pt\/karate\/wp-json\/wp\/v2\/pages"}],"about":[{"href":"https:\/\/ak-agueda.pt\/karate\/wp-json\/wp\/v2\/types\/page"}],"author":[{"embeddable":true,"href":"https:\/\/ak-agueda.pt\/karate\/wp-json\/wp\/v2\/users\/1"}],"replies":[{"embeddable":true,"href":"https:\/\/ak-agueda.pt\/karate\/wp-json\/wp\/v2\/comments?post=327"}],"version-history":[{"count":49,"href":"https:\/\/ak-agueda.pt\/karate\/wp-json\/wp\/v2\/pages\/327\/revisions"}],"predecessor-version":[{"id":1098,"href":"https:\/\/ak-agueda.pt\/karate\/wp-json\/wp\/v2\/pages\/327\/revisions\/1098"}],"wp:attachment":[{"href":"https:\/\/ak-agueda.pt\/karate\/wp-json\/wp\/v2\/media?parent=327"}],"curies":[{"name":"wp","href":"https:\/\/api.w.org\/{rel}","templated":true}]}}