{"id":750,"date":"2022-07-28T09:47:53","date_gmt":"2022-07-28T09:47:53","guid":{"rendered":"https:\/\/ak-agueda.pt\/karate\/?page_id=750"},"modified":"2022-07-28T10:06:21","modified_gmt":"2022-07-28T10:06:21","slug":"sistema-de-graduacao","status":"publish","type":"page","link":"https:\/\/ak-agueda.pt\/karate\/sistema-de-graduacao\/","title":{"rendered":"Sistema de Gradua\u00e7\u00e3o"},"content":{"rendered":"<p>A AK-Agueda, enquanto afiliada da Shotokan Karate International &#8211; Portugal e da Shotokan Karate International Federation, usa o mesmo sistema de gradua\u00e7\u00e3o destas duas entidades, o que significa que os nossos graduados s\u00e3o reconhecidos internacionalmente como tal. Os programas de exame s\u00e3o os mesmos, e resultam no mesmo grau de gradua\u00e7\u00e3o.<\/p>\n<p>Assim, existem um total de 20 n\u00edveis de gradua\u00e7\u00e3o poss\u00edveis, dos quais 10 n\u00edveis de cinto preto (DAN) e 10 n\u00edveis de cintos de cor (KYU). Para atletas sub-14, existem 5 n\u00edveis de gradua\u00e7\u00e3o interm\u00e9dios (KARI), uma forma de motivar os mais jovens no seu percurso sem no entanto descurar o n\u00edvel de exig\u00eancia necess\u00e1rio a manter a boa qualidade dos graduados.<\/p>\n<p>Assim:<\/p>\n<table class=\"GeneratedTable\">\n<thead>\n<tr>\n<th style=\"text-align: left;\">+14 anos<\/th>\n<th style=\"text-align: left;\">-14 anos<\/th>\n<\/tr>\n<\/thead>\n<tbody>\n<tr>\n<td><img loading=\"lazy\" decoding=\"async\" class=\"alignnone size-full wp-image-754\" src=\"https:\/\/ak-agueda.pt\/karate\/wp-content\/uploads\/2022\/07\/10okyu-3.png\" alt=\"\" width=\"250\" height=\"25\"><\/td>\n<td><img loading=\"lazy\" decoding=\"async\" class=\"alignnone size-full wp-image-754\" src=\"https:\/\/ak-agueda.pt\/karate\/wp-content\/uploads\/2022\/07\/10okyu-3.png\" alt=\"\" width=\"250\" height=\"25\"><\/td>\n<\/tr>\n<tr>\n<td>&nbsp;<\/td>\n<td><img loading=\"lazy\" decoding=\"async\" class=\"alignnone size-full wp-image-769\" src=\"https:\/\/ak-agueda.pt\/karate\/wp-content\/uploads\/2022\/07\/9oKari.png\" alt=\"\" width=\"250\" height=\"25\"><\/td>\n<\/tr>\n<tr>\n<td><img loading=\"lazy\" decoding=\"async\" class=\"alignnone size-full wp-image-763\" src=\"https:\/\/ak-agueda.pt\/karate\/wp-content\/uploads\/2022\/07\/9okyu.png\" alt=\"\" width=\"250\" height=\"25\"><\/td>\n<td><img loading=\"lazy\" decoding=\"async\" class=\"alignnone size-full wp-image-763\" src=\"https:\/\/ak-agueda.pt\/karate\/wp-content\/uploads\/2022\/07\/9okyu.png\" alt=\"\" width=\"250\" height=\"25\"><\/td>\n<\/tr>\n<tr>\n<td>&nbsp;<\/td>\n<td><img loading=\"lazy\" decoding=\"async\" class=\"alignnone size-full wp-image-768\" src=\"https:\/\/ak-agueda.pt\/karate\/wp-content\/uploads\/2022\/07\/8oKari.png\" alt=\"\" width=\"250\" height=\"25\"><\/td>\n<\/tr>\n<tr>\n<td><img loading=\"lazy\" decoding=\"async\" class=\"alignnone size-full wp-image-762\" src=\"https:\/\/ak-agueda.pt\/karate\/wp-content\/uploads\/2022\/07\/8okyu.png\" alt=\"\" width=\"250\" height=\"25\"><\/td>\n<td><img loading=\"lazy\" decoding=\"async\" class=\"alignnone size-full wp-image-762\" src=\"https:\/\/ak-agueda.pt\/karate\/wp-content\/uploads\/2022\/07\/8okyu.png\" alt=\"\" width=\"250\" height=\"25\"><\/td>\n<\/tr>\n<tr>\n<td><img loading=\"lazy\" decoding=\"async\" class=\"alignnone size-full wp-image-761\" src=\"https:\/\/ak-agueda.pt\/karate\/wp-content\/uploads\/2022\/07\/7okyu.png\" alt=\"\" width=\"250\" height=\"25\"><\/td>\n<td><img loading=\"lazy\" decoding=\"async\" class=\"alignnone size-full wp-image-761\" src=\"https:\/\/ak-agueda.pt\/karate\/wp-content\/uploads\/2022\/07\/7okyu.png\" alt=\"\" width=\"250\" height=\"25\"><\/td>\n<\/tr>\n<tr>\n<td>&nbsp;<\/td>\n<td><img loading=\"lazy\" decoding=\"async\" class=\"alignnone size-full wp-image-767\" src=\"https:\/\/ak-agueda.pt\/karate\/wp-content\/uploads\/2022\/07\/6oKari.png\" alt=\"\" width=\"250\" height=\"25\"><\/td>\n<\/tr>\n<tr>\n<td><img loading=\"lazy\" decoding=\"async\" class=\"alignnone size-full wp-image-760\" src=\"https:\/\/ak-agueda.pt\/karate\/wp-content\/uploads\/2022\/07\/6okyu.png\" alt=\"\" width=\"250\" height=\"25\"><\/td>\n<td><img loading=\"lazy\" decoding=\"async\" class=\"alignnone size-full wp-image-760\" src=\"https:\/\/ak-agueda.pt\/karate\/wp-content\/uploads\/2022\/07\/6okyu.png\" alt=\"\" width=\"250\" height=\"25\"><\/td>\n<\/tr>\n<tr>\n<td><img loading=\"lazy\" decoding=\"async\" class=\"alignnone size-full wp-image-759\" src=\"https:\/\/ak-agueda.pt\/karate\/wp-content\/uploads\/2022\/07\/5okyu.png\" alt=\"\" width=\"250\" height=\"25\"><\/td>\n<td><img loading=\"lazy\" decoding=\"async\" class=\"alignnone size-full wp-image-759\" src=\"https:\/\/ak-agueda.pt\/karate\/wp-content\/uploads\/2022\/07\/5okyu.png\" alt=\"\" width=\"250\" height=\"25\"><\/td>\n<\/tr>\n<tr>\n<td>&nbsp;<\/td>\n<td><img loading=\"lazy\" decoding=\"async\" class=\"alignnone size-full wp-image-766\" src=\"https:\/\/ak-agueda.pt\/karate\/wp-content\/uploads\/2022\/07\/4oKari.png\" alt=\"\" width=\"250\" height=\"25\"><\/td>\n<\/tr>\n<tr>\n<td><img loading=\"lazy\" decoding=\"async\" class=\"alignnone size-full wp-image-755\" src=\"https:\/\/ak-agueda.pt\/karate\/wp-content\/uploads\/2022\/07\/4okyu.png\" alt=\"\" width=\"250\" height=\"25\"><\/td>\n<td><img loading=\"lazy\" decoding=\"async\" class=\"alignnone size-full wp-image-755\" src=\"https:\/\/ak-agueda.pt\/karate\/wp-content\/uploads\/2022\/07\/4okyu.png\" alt=\"\" width=\"250\" height=\"25\"><\/td>\n<\/tr>\n<tr>\n<td>&nbsp;<\/td>\n<td><img loading=\"lazy\" decoding=\"async\" class=\"alignnone size-full wp-image-765\" src=\"https:\/\/ak-agueda.pt\/karate\/wp-content\/uploads\/2022\/07\/3oKari.png\" alt=\"\" width=\"250\" height=\"25\"><\/td>\n<\/tr>\n<tr>\n<td><img loading=\"lazy\" decoding=\"async\" class=\"alignnone size-full wp-image-756\" src=\"https:\/\/ak-agueda.pt\/karate\/wp-content\/uploads\/2022\/07\/3okyu.png\" alt=\"\" width=\"250\" height=\"25\"><\/td>\n<td><img loading=\"lazy\" decoding=\"async\" class=\"alignnone size-full wp-image-756\" src=\"https:\/\/ak-agueda.pt\/karate\/wp-content\/uploads\/2022\/07\/3okyu.png\" alt=\"\" width=\"250\" height=\"25\"><\/td>\n<\/tr>\n<tr>\n<td><img loading=\"lazy\" decoding=\"async\" class=\"alignnone size-full wp-image-757\" src=\"https:\/\/ak-agueda.pt\/karate\/wp-content\/uploads\/2022\/07\/2okyu.png\" alt=\"\" width=\"250\" height=\"25\"><\/td>\n<td><img loading=\"lazy\" decoding=\"async\" class=\"alignnone size-full wp-image-757\" src=\"https:\/\/ak-agueda.pt\/karate\/wp-content\/uploads\/2022\/07\/2okyu.png\" alt=\"\" width=\"250\" height=\"25\"><\/td>\n<\/tr>\n<tr>\n<td><img loading=\"lazy\" decoding=\"async\" class=\"alignnone size-full wp-image-758\" src=\"https:\/\/ak-agueda.pt\/karate\/wp-content\/uploads\/2022\/07\/1okyu.png\" alt=\"\" width=\"250\" height=\"25\"><\/td>\n<td><img loading=\"lazy\" decoding=\"async\" class=\"alignnone size-full wp-image-758\" src=\"https:\/\/ak-agueda.pt\/karate\/wp-content\/uploads\/2022\/07\/1okyu.png\" alt=\"\" width=\"250\" height=\"25\"><\/td>\n<\/tr>\n<tr>\n<td><img loading=\"lazy\" decoding=\"async\" class=\"alignnone size-full wp-image-764\" src=\"https:\/\/ak-agueda.pt\/karate\/wp-content\/uploads\/2022\/07\/Dan.png\" alt=\"\" width=\"250\" height=\"25\"><\/td>\n<td>&nbsp;<\/td>\n<\/tr>\n<\/tbody>\n<\/table>\n<p>&nbsp;<\/p>\n<p>&nbsp;<\/p>\n","protected":false},"excerpt":{"rendered":"<p>A AK-Agueda, enquanto afiliada da Shotokan Karate International &#8211; Portugal e da Shotokan Karate International Federation, usa o mesmo sistema de gradua\u00e7\u00e3o destas duas entidades, o que significa que os nossos graduados s\u00e3o reconhecidos internacionalmente como tal. Os programas de exame s\u00e3o os mesmos, e resultam no mesmo grau de gradua\u00e7\u00e3o. Assim, existem um total [&hellip;]<\/p>\n","protected":false},"author":1,"featured_media":0,"parent":0,"menu_order":0,"comment_status":"closed","ping_status":"closed","template":"","meta":{"ngg_post_thumbnail":0,"footnotes":""},"class_list":["post-750","page","type-page","status-publish","hentry"],"_links":{"self":[{"href":"https:\/\/ak-agueda.pt\/karate\/wp-json\/wp\/v2\/pages\/750","targetHints":{"allow":["GET"]}}],"collection":[{"href":"https:\/\/ak-agueda.pt\/karate\/wp-json\/wp\/v2\/pages"}],"about":[{"href":"https:\/\/ak-agueda.pt\/karate\/wp-json\/wp\/v2\/types\/page"}],"author":[{"embeddable":true,"href":"https:\/\/ak-agueda.pt\/karate\/wp-json\/wp\/v2\/users\/1"}],"replies":[{"embeddable":true,"href":"https:\/\/ak-agueda.pt\/karate\/wp-json\/wp\/v2\/comments?post=750"}],"version-history":[{"count":3,"href":"https:\/\/ak-agueda.pt\/karate\/wp-json\/wp\/v2\/pages\/750\/revisions"}],"predecessor-version":[{"id":773,"href":"https:\/\/ak-agueda.pt\/karate\/wp-json\/wp\/v2\/pages\/750\/revisions\/773"}],"wp:attachment":[{"href":"https:\/\/ak-agueda.pt\/karate\/wp-json\/wp\/v2\/media?parent=750"}],"curies":[{"name":"wp","href":"https:\/\/api.w.org\/{rel}","templated":true}]}}