{"id":785,"date":"2022-08-26T00:34:28","date_gmt":"2022-08-26T00:34:28","guid":{"rendered":"https:\/\/ak-agueda.pt\/karate\/?page_id=785"},"modified":"2022-08-26T00:34:28","modified_gmt":"2022-08-26T00:34:28","slug":"12-principais-beneficios-de-saude-das-artes-marciais","status":"publish","type":"page","link":"https:\/\/ak-agueda.pt\/karate\/12-principais-beneficios-de-saude-das-artes-marciais\/","title":{"rendered":"12 principais benef\u00edcios de sa\u00fade das artes marciais"},"content":{"rendered":"<p>As artes marciais n\u00e3o s\u00f3 desenvolve muitos benef\u00edcios f\u00edsicos mas tamb\u00e9m desenvolve um grande sentido de disciplina e realiza\u00e7\u00e3o, enquanto se trabalha no percurso at\u00e9 ao cinto negro. Ao melhorar as nossas capacidades durante o treino, poderemos desenvolver um corpo, uma mente, e um estilo de vida mais saud\u00e1veis. As artes marciais s\u00e3o uma excelente atividade para praticar quer sejamos crian\u00e7as ou adultos. Neste artigo, iremos abordar alguns dos melhores benef\u00edcios que podemos extrair, qualquer que seja a nossa idade.<\/p>\n<h2><strong>Benef\u00edcios F\u00edsicos<\/strong><\/h2>\n<ol>\n<li>\n<h3>Perda de peso<\/h3>\n<p>Melhorar a nossa tonaliza\u00e7\u00e3o e massa muscular pode melhorar o nosso metabolismo, o que \u00e9 uma das coisas que pode contribuir para a perda de peso. As artes marciais s\u00e3o uma excelente forma de exerc\u00edcio, especialmente se for praticado pelo menos 2 ou 3 vezes por semana.<\/li>\n<li>\n<h3>Mobilidade<\/h3>\n<p>Muitas disciplinas de artes marciais requerem agilidade e mobilidade. Ao praticar artes marciais iremos com certeza melhorar a habilidade dos nossos corpos para se movimentar mais rapidamente.<\/li>\n<li>\n<h3>Reflexos<\/h3>\n<p>Quer estejamos a treinar um combate ou a lutar numa competi\u00e7\u00e3o, desviar ou bloquear os ataques do oponente \u00e9 crucial. Ao aprender movimentos atrav\u00e9s de repeti\u00e7\u00e3o, os nossos reflexos ir\u00e3o come\u00e7ar a melhorar, e iremos come\u00e7ar a notar melhores tempos de rea\u00e7\u00e3o em todas as \u00e1reas da nossa vida.<\/li>\n<li>\n<h3>For\u00e7a<\/h3>\n<p>Uma t\u00e9cnica correta \u00e9 essencial para executar um pontap\u00e9 ou murro eficiente, mas precisamos de for\u00e7a para garantir que o nosso ataque \u00e9 poderoso. Ao praticar artes marciais, temos a oportunidade de treinar o nosso corpo para ficar forte e mais formid\u00e1vel.<\/li>\n<li>\n<h3>Coordena\u00e7\u00e3o<\/h3>\n<p>As artes marciais requerem que os alunos tenham boa estabilidade e coordena\u00e7\u00e3o quando toca a executar movimentos, bloquear e evitar ataques. Ao praticar, iremos rapidamente melhorar tanto a estabilidade como a coordena\u00e7\u00e3o.<\/li>\n<li>\n<h3>Flexibilidade<\/h3>\n<p>Desviar de ataques e executar movimentos como pontap\u00e9s altos requer muita flexibilidade. Ter um corpo mais flex\u00edvel pode ajudar a reduzir a possibilidade de les\u00e3o, e algumas artes marciais podem ajudar-nos significativamente a melhorar a nossa flexibilidade.<\/li>\n<li>\n<h3>Sa\u00fade cardiovascular<\/h3>\n<p>\u00c9 importante gerir a nossa sa\u00fade cardiovascular, especialmente porque est\u00e1 relacionada com o nosso cora\u00e7\u00e3o. Exerc\u00edcios executados durante o treino podem ajudar-nos a criar resist\u00eancia cardiovascular e aumentar o impacto positivo de exerc\u00edcios aer\u00f3bicos.<\/li>\n<li>\n<h3>Tens\u00e3o sangu\u00ednea<\/h3>\n<p>As artes marciais requerem bastante treino, o que contribui para uma melhor forma f\u00edsica. Um dos benef\u00edcios f\u00edsicos de praticar artes marciais \u00e9 uma melhor tens\u00e3o sangu\u00ednea. Movimentos repetitivos durante o treino podem comportar-se como treino intervalado de alta intensidade o que melhora a sa\u00fade cardiovascular ao baixar a nossa tens\u00e3o sangu\u00ednea e abrandar a pulsa\u00e7\u00e3o em repouso.<\/li>\n<\/ol>\n<p>&nbsp;<\/p>\n<h2>Benef\u00edcios Mentais<\/h2>\n<ol>\n<li>\n<h3>Auto-Confian\u00e7a<\/h3>\n<p>O treino de artes marciais \u00e9 uma excelente forma de desenvolver um bom senso de confian\u00e7a. Porque as t\u00e9cnicas de artes marciais requerem paci\u00eancia e aten\u00e7\u00e3o ao detalhe, muitos movimentos em v\u00e1rias disciplinas podem demorar anos a aperfei\u00e7oar. No entanto, quando os alunos aprendem essas t\u00e9cnicas, eles adquirem um sentimento de realiza\u00e7\u00e3o, o que os mune com uma boa auto-estima e um alto n\u00edvel de confian\u00e7a.<\/li>\n<li>\n<h3>Valores e moralidade<\/h3>\n<p>Ao longo do treino de artes marciais, iremos aprender algumas das melhores e mais importantes li\u00e7\u00f5es de vida. Porque as artes marciais ensinam as pessoas sobre como as coisas funcionam e como incorporar esses ensinamentos na vida quotidiana, muitos muitos acabam por descobrir que lhes d\u00e1 uma dire\u00e7\u00e3o e um prop\u00f3sito. Quer estejamos num escrit\u00f3rio, em casa ou numa sala de aulas, os valores que aprendemos com as artes marciais podem ter um significativo impacto na vida quotidiana.<br \/>\nEmbora as artes marciais sejam exigentes, \u00e9 importante recordar que durante o nosso trajeto estamos a aprender os valores, moralidade e disciplina das artes marciais. \u00c9 necess\u00e1ria determina\u00e7\u00e3o para alcan\u00e7ar a mestria nas artes marciais, mas a for\u00e7a e caracter\u00edsticas positivas que adquirimos na jornada ir\u00e3o ficar connosco pelo resto da vida.<\/li>\n<li>\n<h3>Concentra\u00e7\u00e3o<\/h3>\n<p>N\u00e3o s\u00f3 as artes marciais s\u00e3o uma atividade f\u00edsica rigorosa, mas tamb\u00e9m melhorar a mente e o corpo. Um dos maiores benef\u00edcios que as artes marciais proporcionam \u00e0 sa\u00fade mental \u00e9 um maior foco no nosso ser interior. Se quisermos extrair o m\u00e1ximo das artes marciais, temos de prestar aten\u00e7\u00e3o ao nosso estado de espirito. Iremos aprender t\u00e9cnicas de respira\u00e7\u00e3o, medita\u00e7\u00e3o e praticar princ\u00edpios marciais tais como coragem, respeito, perseveran\u00e7a e honra.<br \/>\nT\u00e9cnica \u00e9 importante nas artes marciais, e atrav\u00e9s do seu aprendizado estamos a sincronizar a mente e o corpo, melhorando assim diretamente a concentra\u00e7\u00e3o. Ao praticar artes marciais, o nosso corpo e mente ir\u00e3o tornar-se mais fortes e mais saud\u00e1veis, tornando mais f\u00e1cil conseguir uma melhor capacidade de concentra\u00e7\u00e3o.<\/li>\n<li>\n<h3>Humor melhorado<\/h3>\n<p>Sabiam que praticar regularmente exerc\u00edcio \u00e9 uma das melhores formas de melhor o nosso humor? N\u00e3o s\u00f3 as artes marciais ajudam a combater o stress e a libertar frustra\u00e7\u00f5es num ambiente seguro, elas tamb\u00e9m podem tornar-nos mais felizes. As endorfinas que s\u00e3o libertadas durante a atividade f\u00edsica podem ficar ativas no nosso corpo por at\u00e9 4 horas ap\u00f3s o exerc\u00edcio.<\/li>\n<\/ol>\n<p>&nbsp;<\/p>\n<h2>Estilo de Vida Mais Saud\u00e1vel<\/h2>\n<p>Se estivermos a procurar um estilo de vida mais saud\u00e1vel, n\u00e3o necessitamos ir mais longe do que \u00e0s artes marciais. As artes marciais permitem-nos extrair o m\u00e1ximo da nossa vida, fisicamente, espiritualmente e mentalmente. Quando tocar a tomar decis\u00f5es importantes sobre descanso, recupera\u00e7\u00e3o e nutri\u00e7\u00e3o, iremos ser capazes de aplicar a disciplina e li\u00e7\u00f5es que aprendemos no nosso treino de artes marciais.<\/p>\n<p>Porque as artes marciais s\u00e3o fisicamente exigentes, encorajamos a ter uma alimenta\u00e7\u00e3o mais saud\u00e1vel, e melhorar a nossa dieta ir\u00e1 tornar-se como uma segunda natureza porque o nosso corpo ir\u00e1 necessitar de mais energia. As artes marciais melhoram a nossa sa\u00fade mental ao ensinar-nos como meditar e conectar com a nossa energia interior.<\/p>\n<p>Atrav\u00e9s do exerc\u00edcio e do uso de corretas t\u00e9cnicas de respira\u00e7\u00e3o, o nosso corpo ir\u00e1 libertar uma quantidade saud\u00e1vel de endorfinas que ir\u00e3o ajudar-nos a sentirmo-nos mais fortes, mais em forma e mais saud\u00e1veis a cada dia. As artes marciais s\u00e3o uma excelente forma de perder alguns kilos, atingir objetivos de forma f\u00edsica e melhorar a sa\u00fade mental.<\/p>\n<p>&nbsp;<\/p>\n<p><em>Traduzido de <a href=\"https:\/\/www.karateamerica.info\/top-12-health-benefits-of-martial-arts\/\">https:\/\/www.karateamerica.info\/top-12-health-benefits-of-martial-arts\/<\/a><\/em><\/p>\n<p>&nbsp;<\/p>\n","protected":false},"excerpt":{"rendered":"<p>As artes marciais n\u00e3o s\u00f3 desenvolve muitos benef\u00edcios f\u00edsicos mas tamb\u00e9m desenvolve um grande sentido de disciplina e realiza\u00e7\u00e3o, enquanto se trabalha no percurso at\u00e9 ao cinto negro. Ao melhorar as nossas capacidades durante o treino, poderemos desenvolver um corpo, uma mente, e um estilo de vida mais saud\u00e1veis. As artes marciais s\u00e3o uma excelente [&hellip;]<\/p>\n","protected":false},"author":2,"featured_media":0,"parent":0,"menu_order":0,"comment_status":"closed","ping_status":"closed","template":"","meta":{"ngg_post_thumbnail":0,"footnotes":""},"class_list":["post-785","page","type-page","status-publish","hentry"],"_links":{"self":[{"href":"https:\/\/ak-agueda.pt\/karate\/wp-json\/wp\/v2\/pages\/785","targetHints":{"allow":["GET"]}}],"collection":[{"href":"https:\/\/ak-agueda.pt\/karate\/wp-json\/wp\/v2\/pages"}],"about":[{"href":"https:\/\/ak-agueda.pt\/karate\/wp-json\/wp\/v2\/types\/page"}],"author":[{"embeddable":true,"href":"https:\/\/ak-agueda.pt\/karate\/wp-json\/wp\/v2\/users\/2"}],"replies":[{"embeddable":true,"href":"https:\/\/ak-agueda.pt\/karate\/wp-json\/wp\/v2\/comments?post=785"}],"version-history":[{"count":2,"href":"https:\/\/ak-agueda.pt\/karate\/wp-json\/wp\/v2\/pages\/785\/revisions"}],"predecessor-version":[{"id":787,"href":"https:\/\/ak-agueda.pt\/karate\/wp-json\/wp\/v2\/pages\/785\/revisions\/787"}],"wp:attachment":[{"href":"https:\/\/ak-agueda.pt\/karate\/wp-json\/wp\/v2\/media?parent=785"}],"curies":[{"name":"wp","href":"https:\/\/api.w.org\/{rel}","templated":true}]}}